{"id":1981,"date":"2024-06-21T11:54:52","date_gmt":"2024-06-21T11:54:52","guid":{"rendered":"https:\/\/gasertrag.net\/?page_id=1981"},"modified":"2026-03-17T10:56:50","modified_gmt":"2026-03-17T10:56:50","slug":"obrigada","status":"publish","type":"page","link":"https:\/\/gasertrag.net\/pt\/thank-you\/","title":{"rendered":"Thank you"},"content":{"rendered":"<div data-elementor-type=\"wp-page\" data-elementor-id=\"1981\" class=\"elementor elementor-1981\" data-elementor-post-type=\"page\">\n\t\t\t\t<div class=\"elementor-element elementor-element-b38d1f2 e-flex e-con-boxed e-con e-parent\" data-id=\"b38d1f2\" data-element_type=\"container\" data-e-type=\"container\" data-settings=\"{&quot;background_background&quot;:&quot;video&quot;,&quot;background_video_link&quot;:&quot;https:\\\/\\\/gasertrag.net\\\/wp-content\\\/uploads\\\/2025\\\/02\\\/thankyou-fie.mp4&quot;,&quot;background_play_on_mobile&quot;:&quot;yes&quot;}\">\n\t\t\t\t\t<div class=\"e-con-inner\">\n\t\t<div class=\"elementor-background-video-container\">\n\t\t\t\t\t\t\t<video class=\"elementor-background-video-hosted\" role=\"presentation\" autoplay muted playsinline loop><\/video>\n\t\t\t\t\t<\/div>\t\t<div class=\"elementor-element elementor-element-e5d2b60 elementor-widget elementor-widget-heading\" data-id=\"e5d2b60\" data-element_type=\"widget\" data-e-type=\"widget\" data-widget_type=\"heading.default\">\n\t\t\t\t\t<h1 class=\"elementor-heading-title elementor-size-default\">Obrigado por nos escolher.<\/h1>\t\t\t\t<\/div>\n\t\t\t\t<div class=\"elementor-element elementor-element-2e924af elementor-widget__width-initial elementor-widget-mobile__width-inherit elementor-widget elementor-widget-text-editor\" data-id=\"2e924af\" data-element_type=\"widget\" data-e-type=\"widget\" data-widget_type=\"text-editor.default\">\n\t\t\t\t\t\t\t\t\t<p>Estamos muito felizes em t\u00ea-lo(a) conosco nesta jornada! Um de nossos gerentes de contas entrar\u00e1 em contato em breve para ajud\u00e1-lo(a) a come\u00e7ar.<\/p>\t\t\t\t\t\t\t\t<\/div>\n\t\t\t\t<div class=\"elementor-element elementor-element-94cd77e elementor-widget elementor-widget-button\" data-id=\"94cd77e\" data-element_type=\"widget\" data-e-type=\"widget\" data-widget_type=\"button.default\">\n\t\t\t\t\t\t\t\t\t\t<a class=\"elementor-button elementor-button-link elementor-size-sm\" href=\"https:\/\/gasertrag.net\/pt\">\n\t\t\t\t\t\t<span class=\"elementor-button-content-wrapper\">\n\t\t\t\t\t\t\t\t\t<span class=\"elementor-button-text\">Voltar para a p\u00e1gina inicial<\/span>\n\t\t\t\t\t<\/span>\n\t\t\t\t\t<\/a>\n\t\t\t\t\t\t\t\t<\/div>\n\t\t\t\t\t<\/div>\n\t\t\t\t<\/div>\n\t\t\t\t<\/div>","protected":false},"excerpt":{"rendered":"<p>Thank You for Choosing Us We are excited to have you join us on this journey! One of our account managers will be reaching out to you shortly to assist you in getting started. Back To Home<\/p>","protected":false},"author":1,"featured_media":0,"parent":0,"menu_order":0,"comment_status":"closed","ping_status":"closed","template":"elementor_header_footer","meta":{"footnotes":""},"class_list":["post-1981","page","type-page","status-publish","hentry"],"_links":{"self":[{"href":"https:\/\/gasertrag.net\/pt\/wp-json\/wp\/v2\/pages\/1981","targetHints":{"allow":["GET"]}}],"collection":[{"href":"https:\/\/gasertrag.net\/pt\/wp-json\/wp\/v2\/pages"}],"about":[{"href":"https:\/\/gasertrag.net\/pt\/wp-json\/wp\/v2\/types\/page"}],"author":[{"embeddable":true,"href":"https:\/\/gasertrag.net\/pt\/wp-json\/wp\/v2\/users\/1"}],"replies":[{"embeddable":true,"href":"https:\/\/gasertrag.net\/pt\/wp-json\/wp\/v2\/comments?post=1981"}],"version-history":[{"count":25,"href":"https:\/\/gasertrag.net\/pt\/wp-json\/wp\/v2\/pages\/1981\/revisions"}],"predecessor-version":[{"id":2562,"href":"https:\/\/gasertrag.net\/pt\/wp-json\/wp\/v2\/pages\/1981\/revisions\/2562"}],"wp:attachment":[{"href":"https:\/\/gasertrag.net\/pt\/wp-json\/wp\/v2\/media?parent=1981"}],"curies":[{"name":"wp","href":"https:\/\/api.w.org\/{rel}","templated":true}]}}