{"id":34,"date":"2023-10-12T11:20:18","date_gmt":"2023-10-12T11:20:18","guid":{"rendered":"https:\/\/gasertrag.net\/?page_id=34"},"modified":"2025-12-16T06:54:36","modified_gmt":"2025-12-16T06:54:36","slug":"sobre-nos","status":"publish","type":"page","link":"https:\/\/gasertrag.net\/pt\/about-us\/","title":{"rendered":"Sobre n\u00f3s"},"content":{"rendered":"<div data-elementor-type=\"wp-page\" data-elementor-id=\"34\" class=\"elementor elementor-34\" data-elementor-post-type=\"page\">\n\t\t\t\t<div class=\"elementor-element elementor-element-3192b9e e-flex e-con-boxed e-con e-parent\" data-id=\"3192b9e\" data-element_type=\"container\" data-e-type=\"container\" data-settings=\"{&quot;background_background&quot;:&quot;classic&quot;}\">\n\t\t\t\t\t<div class=\"e-con-inner\">\n\t\t\t\t<div class=\"elementor-element elementor-element-e8e1799 elementor-widget elementor-widget-heading\" data-id=\"e8e1799\" data-element_type=\"widget\" data-e-type=\"widget\" data-widget_type=\"heading.default\">\n\t\t\t\t\t<h1 class=\"elementor-heading-title elementor-size-default\">Sobre n\u00f3s<\/h1>\t\t\t\t<\/div>\n\t\t\t\t<div class=\"elementor-element elementor-element-92afb8c elementor-widget elementor-widget-text-editor\" data-id=\"92afb8c\" data-element_type=\"widget\" data-e-type=\"widget\" data-widget_type=\"text-editor.default\">\n\t\t\t\t\t\t\t\t\t<p class=\"translation-block\">Na <strong>Gas Ertrag<\/strong>, oferecemos oportunidades para que indiv\u00edduos invistam no altamente lucrativo setor de g\u00e1s. Sendo um dos setores mais rent\u00e1veis \u200b\u200bglobalmente, a ind\u00fastria do g\u00e1s j\u00e1 criou bilion\u00e1rios \u2014 por que n\u00e3o fazer parte disso? Nossa plataforma conecta investidores a oportunidades estrat\u00e9gicas no mercado de g\u00e1s, oferecendo uma experi\u00eancia descomplicada e lucrativa.<\/p>\t\t\t\t\t\t\t\t<\/div>\n\t\t<div class=\"elementor-element elementor-element-bbe7fbe e-con-full e-flex e-con e-child\" data-id=\"bbe7fbe\" data-element_type=\"container\" data-e-type=\"container\">\n\t\t<div class=\"elementor-element elementor-element-d1ff312 e-con-full e-flex e-con e-child\" data-id=\"d1ff312\" data-element_type=\"container\" data-e-type=\"container\">\n\t\t\t\t<div class=\"elementor-element elementor-element-6082b93 elementor-widget__width-initial elementor-widget-mobile__width-inherit elementor-widget-tablet__width-inherit elementor-widget elementor-widget-heading\" data-id=\"6082b93\" data-element_type=\"widget\" data-e-type=\"widget\" data-widget_type=\"heading.default\">\n\t\t\t\t\t<h2 class=\"elementor-heading-title elementor-size-default\">Nossa Miss\u00e3o<\/h2>\t\t\t\t<\/div>\n\t\t\t\t<div class=\"elementor-element elementor-element-c078207 elementor-widget elementor-widget-text-editor\" data-id=\"c078207\" data-element_type=\"widget\" data-e-type=\"widget\" data-widget_type=\"text-editor.default\">\n\t\t\t\t\t\t\t\t\t<p>Nossa miss\u00e3o \u00e9 empoderar indiv\u00edduos e investidores, dando-lhes acesso aos lucros da ind\u00fastria do g\u00e1s. Acreditamos na liberdade financeira e, por meio de nossa abordagem inovadora, tornamos os investimentos em g\u00e1s acess\u00edveis, transparentes e recompensadores para todos.<\/p>\t\t\t\t\t\t\t\t<\/div>\n\t\t\t\t<\/div>\n\t\t<div class=\"elementor-element elementor-element-21b11c7 e-con-full e-flex e-con e-child\" data-id=\"21b11c7\" data-element_type=\"container\" data-e-type=\"container\">\n\t\t\t\t<div class=\"elementor-element elementor-element-98d85cc elementor-widget__width-initial elementor-widget-mobile__width-inherit elementor-widget-tablet__width-inherit elementor-widget elementor-widget-heading\" data-id=\"98d85cc\" data-element_type=\"widget\" data-e-type=\"widget\" data-widget_type=\"heading.default\">\n\t\t\t\t\t<h2 class=\"elementor-heading-title elementor-size-default\">Nossa vis\u00e3o<\/h2>\t\t\t\t<\/div>\n\t\t\t\t<div class=\"elementor-element elementor-element-1880654 elementor-widget elementor-widget-text-editor\" data-id=\"1880654\" data-element_type=\"widget\" data-e-type=\"widget\" data-widget_type=\"text-editor.default\">\n\t\t\t\t\t\t\t\t\t<p>Nosso objetivo \u00e9 democratizar os investimentos em g\u00e1s, tornando-os acess\u00edveis a todos. Ao alavancar a tecnologia e a experi\u00eancia do setor, estamos criando um futuro onde as pessoas podem construir riqueza sem esfor\u00e7o por meio dos lucros do g\u00e1s.<\/p>\t\t\t\t\t\t\t\t<\/div>\n\t\t\t\t<\/div>\n\t\t\t\t<\/div>\n\t\t\t\t<div class=\"elementor-element elementor-element-a0b7df5 elementor-widget elementor-widget-text-editor\" data-id=\"a0b7df5\" data-element_type=\"widget\" data-e-type=\"widget\" data-widget_type=\"text-editor.default\">\n\t\t\t\t\t\t\t\t\t<p class=\"translation-block\">Fa\u00e7a parte de um setor que gera bilh\u00f5es anualmente. D\u00ea o primeiro passo rumo ao crescimento financeiro e junte-se \u00e0 <strong>Gas Ertrag<\/strong> hoje mesmo!<\/p>\t\t\t\t\t\t\t\t<\/div>\n\t\t\t\t<div class=\"elementor-element elementor-element-2a533cc elementor-align-center elementor-widget elementor-widget-button\" data-id=\"2a533cc\" data-element_type=\"widget\" data-e-type=\"widget\" data-widget_type=\"button.default\">\n\t\t\t\t\t\t\t\t\t\t<a class=\"elementor-button elementor-button-link elementor-size-sm\" href=\"https:\/\/gasertrag.net\/pt\/contato\/#reg\">\n\t\t\t\t\t\t<span class=\"elementor-button-content-wrapper\">\n\t\t\t\t\t\t\t\t\t<span class=\"elementor-button-text\">Cadastre-se gratuitamente agora<\/span>\n\t\t\t\t\t<\/span>\n\t\t\t\t\t<\/a>\n\t\t\t\t\t\t\t\t<\/div>\n\t\t\t\t\t<\/div>\n\t\t\t\t<\/div>\n\t\t\t\t<\/div>","protected":false},"excerpt":{"rendered":"<p>About Us At Gas Ertrag, we provide opportunities for individuals to invest in the highly lucrative gas industry. As one of the most profitable sectors globally, the gas industry has created billionaires\u2014why not be part of it? Our platform connects investors with strategic opportunities in the gas market, offering a seamless and profitable experience. Our [&hellip;]<\/p>\n","protected":false},"author":1,"featured_media":0,"parent":0,"menu_order":0,"comment_status":"closed","ping_status":"closed","template":"elementor_header_footer","meta":{"footnotes":""},"class_list":["post-34","page","type-page","status-publish","hentry"],"_links":{"self":[{"href":"https:\/\/gasertrag.net\/pt\/wp-json\/wp\/v2\/pages\/34","targetHints":{"allow":["GET"]}}],"collection":[{"href":"https:\/\/gasertrag.net\/pt\/wp-json\/wp\/v2\/pages"}],"about":[{"href":"https:\/\/gasertrag.net\/pt\/wp-json\/wp\/v2\/types\/page"}],"author":[{"embeddable":true,"href":"https:\/\/gasertrag.net\/pt\/wp-json\/wp\/v2\/users\/1"}],"replies":[{"embeddable":true,"href":"https:\/\/gasertrag.net\/pt\/wp-json\/wp\/v2\/comments?post=34"}],"version-history":[{"count":46,"href":"https:\/\/gasertrag.net\/pt\/wp-json\/wp\/v2\/pages\/34\/revisions"}],"predecessor-version":[{"id":2549,"href":"https:\/\/gasertrag.net\/pt\/wp-json\/wp\/v2\/pages\/34\/revisions\/2549"}],"wp:attachment":[{"href":"https:\/\/gasertrag.net\/pt\/wp-json\/wp\/v2\/media?parent=34"}],"curies":[{"name":"wp","href":"https:\/\/api.w.org\/{rel}","templated":true}]}}